{"id":80,"date":"2022-06-02T15:47:39","date_gmt":"2022-06-02T14:47:39","guid":{"rendered":"https:\/\/doc.oodrive.com\/sales-school-academy\/?page_id=80"},"modified":"2025-07-15T08:34:43","modified_gmt":"2025-07-15T07:34:43","slug":"partenaires","status":"publish","type":"page","link":"https:\/\/doc.oodrive.com\/sales-school-academy\/partenaires\/","title":{"rendered":"La Sales School Academy pour les  Revendeurs \u00e0 valeur ajout\u00e9e"},"content":{"rendered":"<div class=\"members-access-error\">Veuillez vous connecter \u00e0 l\u2019aide des identifiants qui vous ont \u00e9t\u00e9 transmis par votre responsable de compte.<\/p>\n<p>\t<div class=\"lwa lwa-default\">        <form class=\"lwa-form\" action=\"https:\/\/doc.oodrive.com\/sales-school-academy\/oo-doc-connect?template=default\" method=\"post\">\r\n        \t<div>\r\n        \t<span class=\"lwa-status\"><\/span>\r\n            <table>\r\n                <tr class=\"lwa-username\">\r\n                    <td class=\"lwa-username-label\">\r\n                        <label>Identifiant<\/label>\r\n                    <\/td>\r\n                    <td class=\"lwa-username-input\">\r\n                        <input type=\"text\" name=\"log\" \/>\r\n                    <\/td>\r\n                <\/tr>\r\n                <tr class=\"lwa-password\">\r\n                    <td class=\"lwa-password-label\">\r\n                        <label>Mot de passe<\/label>\r\n                    <\/td>\r\n                    <td class=\"lwa-password-input\">\r\n                        <input type=\"password\" name=\"pwd\" \/>\r\n                    <\/td>\r\n                <\/tr>\r\n                <tr><td colspan=\"2\"><\/td><\/tr>\r\n                <tr class=\"lwa-submit\">\r\n                    <td class=\"lwa-submit-button\">\r\n                        <input type=\"submit\" name=\"wp-submit\" id=\"lwa_wp-submit\" value=\"Connexion\" tabindex=\"100\" \/>\r\n                        <input type=\"hidden\" name=\"lwa_profile_link\" value=\"1\" \/>\r\n                        <input type=\"hidden\" name=\"login-with-ajax\" value=\"login\" \/>\r\n\t\t\t\t\t\t                    <\/td>\r\n                    <td class=\"lwa-submit-links\">\r\n                        <input name=\"rememberme\" type=\"checkbox\" class=\"lwa-rememberme\" value=\"forever\" \/> <label>Se souvenir de moi<\/label>\r\n                        <br \/>\r\n\t\t\t\t\t\t\t\t\t\t\t\t<a class=\"lwa-links-remember\" href=\"https:\/\/doc.oodrive.com\/sales-school-academy\/oo-doc-connect?action=lostpassword&#038;template=default\" title=\"Mot de passe retrouv\u00e9\">Mot de passe oubli\u00e9 ?<\/a>\r\n\t\t\t\t\t\t                                            <\/td>\r\n                <\/tr>\r\n            <\/table>\r\n            <\/div>\r\n        <\/form>\r\n                <form class=\"lwa-remember\" action=\"https:\/\/doc.oodrive.com\/sales-school-academy\/oo-doc-connect?action=lostpassword&#038;template=default\" method=\"post\" style=\"display:none;\">\r\n        \t<div>\r\n        \t<span class=\"lwa-status\"><\/span>\r\n            <table>\r\n                <tr>\r\n                    <td>\r\n                        <strong>Mot de passe oubli\u00e9<\/strong>         \r\n                    <\/td>\r\n                <\/tr>\r\n                <tr>\r\n                    <td class=\"lwa-remember-email\">  \r\n                                                <input type=\"text\" name=\"user_login\" class=\"lwa-user-remember\" value=\"Entrez votre identifiant ou votre email\" onfocus=\"if(this.value == 'Entrez votre identifiant ou votre email'){this.value = '';}\" onblur=\"if(this.value == ''){this.value = 'Entrez votre identifiant ou votre email'}\" \/>\r\n                                            <\/td>\r\n                <\/tr>\r\n                <tr>\r\n                    <td class=\"lwa-remember-buttons\">\r\n                        <input type=\"submit\" value=\"Obtenir un nouveau mot de passe\" class=\"lwa-button-remember\" \/>\r\n                        <a href=\"#\" class=\"lwa-links-remember-cancel\">Annuler<\/a>\r\n                        <input type=\"hidden\" name=\"login-with-ajax\" value=\"remember\" \/>\r\n                    <\/td>\r\n                <\/tr>\r\n            <\/table>\r\n            <\/div>\r\n        <\/form>\r\n        \t\t\t<\/div><\/p><\/div>\n","protected":false},"excerpt":{"rendered":"<div class=\"members-access-error\">Veuillez vous connecter \u00e0 l\u2019aide des identifiants qui vous ont \u00e9t\u00e9 transmis par votre responsable de compte.<\/p>\n<p>\t<div class=\"lwa lwa-default\">        <form class=\"lwa-form\" action=\"https:\/\/doc.oodrive.com\/sales-school-academy\/oo-doc-connect?template=default\" method=\"post\">\r\n        \t<div>\r\n        \t<span class=\"lwa-status\"><\/span>\r\n            <table>\r\n                <tr class=\"lwa-username\">\r\n                    <td class=\"lwa-username-label\">\r\n                        <label>Identifiant<\/label>\r\n                    <\/td>\r\n                    <td class=\"lwa-username-input\">\r\n                        <input type=\"text\" name=\"log\" \/>\r\n                    <\/td>\r\n                <\/tr>\r\n                <tr class=\"lwa-password\">\r\n                    <td class=\"lwa-password-label\">\r\n                        <label>Mot de passe<\/label>\r\n                    <\/td>\r\n                    <td class=\"lwa-password-input\">\r\n                        <input type=\"password\" name=\"pwd\" \/>\r\n                    <\/td>\r\n                <\/tr>\r\n                <tr><td colspan=\"2\"><\/td><\/tr>\r\n                <tr class=\"lwa-submit\">\r\n                    <td class=\"lwa-submit-button\">\r\n                        <input type=\"submit\" name=\"wp-submit\" id=\"lwa_wp-submit\" value=\"Connexion\" tabindex=\"100\" \/>\r\n                        <input type=\"hidden\" name=\"lwa_profile_link\" value=\"1\" \/>\r\n                        <input type=\"hidden\" name=\"login-with-ajax\" value=\"login\" \/>\r\n\t\t\t\t\t\t                    <\/td>\r\n                    <td class=\"lwa-submit-links\">\r\n                        <input name=\"rememberme\" type=\"checkbox\" class=\"lwa-rememberme\" value=\"forever\" \/> <label>Se souvenir de moi<\/label>\r\n                        <br \/>\r\n\t\t\t\t\t\t\t\t\t\t\t\t<a class=\"lwa-links-remember\" href=\"https:\/\/doc.oodrive.com\/sales-school-academy\/oo-doc-connect?action=lostpassword&#038;template=default\" title=\"Mot de passe retrouv\u00e9\">Mot de passe oubli\u00e9 ?<\/a>\r\n\t\t\t\t\t\t                                            <\/td>\r\n                <\/tr>\r\n            <\/table>\r\n            <\/div>\r\n        <\/form>\r\n                <form class=\"lwa-remember\" action=\"https:\/\/doc.oodrive.com\/sales-school-academy\/oo-doc-connect?action=lostpassword&#038;template=default\" method=\"post\" style=\"display:none;\">\r\n        \t<div>\r\n        \t<span class=\"lwa-status\"><\/span>\r\n            <table>\r\n                <tr>\r\n                    <td>\r\n                        <strong>Mot de passe oubli\u00e9<\/strong>         \r\n                    <\/td>\r\n                <\/tr>\r\n                <tr>\r\n                    <td class=\"lwa-remember-email\">  \r\n                                                <input type=\"text\" name=\"user_login\" class=\"lwa-user-remember\" value=\"Entrez votre identifiant ou votre email\" onfocus=\"if(this.value == 'Entrez votre identifiant ou votre email'){this.value = '';}\" onblur=\"if(this.value == ''){this.value = 'Entrez votre identifiant ou votre email'}\" \/>\r\n                                            <\/td>\r\n                <\/tr>\r\n                <tr>\r\n                    <td class=\"lwa-remember-buttons\">\r\n                        <input type=\"submit\" value=\"Obtenir un nouveau mot de passe\" class=\"lwa-button-remember\" \/>\r\n                        <a href=\"#\" class=\"lwa-links-remember-cancel\">Annuler<\/a>\r\n                        <input type=\"hidden\" name=\"login-with-ajax\" value=\"remember\" \/>\r\n                    <\/td>\r\n                <\/tr>\r\n            <\/table>\r\n            <\/div>\r\n        <\/form>\r\n        \t\t\t<\/div><\/p><\/div>\n","protected":false},"author":1,"featured_media":0,"parent":0,"menu_order":0,"comment_status":"closed","ping_status":"closed","template":"partenaire.php","meta":{"inline_featured_image":false,"footnotes":""},"class_list":["post-80","page","type-page","status-publish","hentry"],"yoast_head":"<!-- This site is optimized with the Yoast SEO plugin v26.1.1 - https:\/\/yoast.com\/wordpress\/plugins\/seo\/ -->\n<title>La Sales School Academy pour les Revendeurs \u00e0 valeur ajout\u00e9e - Sales School Sign<\/title>\n<meta name=\"robots\" content=\"noindex, follow, max-snippet:-1, max-image-preview:large, max-video-preview:-1\" \/>\n<meta property=\"og:locale\" content=\"fr_FR\" \/>\n<meta property=\"og:type\" content=\"article\" \/>\n<meta property=\"og:title\" content=\"La Sales School Academy pour les Revendeurs \u00e0 valeur ajout\u00e9e - Sales School Sign\" \/>\n<meta property=\"og:description\" content=\"Veuillez vous connecter \u00e0 l\u2019aide des identifiants qui vous ont \u00e9t\u00e9 transmis par votre responsable de compte.                                                        Identifiant                                                                                        Mot de passe                                                                                                                                                                  Se souvenir de moi                    Mot de passe oubli\u00e9 ?                                                                                                                  Mot de passe oubli\u00e9                                                                                                                                                     Annuler\" \/>\n<meta property=\"og:url\" content=\"https:\/\/doc.oodrive.com\/sales-school-academy\/partenaires\/\" \/>\n<meta property=\"og:site_name\" content=\"Sales School Sign\" \/>\n<meta property=\"article:modified_time\" content=\"2025-07-15T07:34:43+00:00\" \/>\n<meta name=\"twitter:card\" content=\"summary_large_image\" \/>\n<meta name=\"twitter:label1\" content=\"Dur\u00e9e de lecture estim\u00e9e\" \/>\n\t<meta name=\"twitter:data1\" content=\"1 minute\" \/>\n<script type=\"application\/ld+json\" class=\"yoast-schema-graph\">{\"@context\":\"https:\/\/schema.org\",\"@graph\":[{\"@type\":\"WebPage\",\"@id\":\"https:\/\/doc.oodrive.com\/sales-school-academy\/partenaires\/\",\"url\":\"https:\/\/doc.oodrive.com\/sales-school-academy\/partenaires\/\",\"name\":\"La Sales School Academy pour les Revendeurs \u00e0 valeur ajout\u00e9e - Sales School Sign\",\"isPartOf\":{\"@id\":\"https:\/\/doc.oodrive.com\/sales-school-academy\/#website\"},\"datePublished\":\"2022-06-02T14:47:39+00:00\",\"dateModified\":\"2025-07-15T07:34:43+00:00\",\"breadcrumb\":{\"@id\":\"https:\/\/doc.oodrive.com\/sales-school-academy\/partenaires\/#breadcrumb\"},\"inLanguage\":\"fr-FR\",\"potentialAction\":[{\"@type\":\"ReadAction\",\"target\":[\"https:\/\/doc.oodrive.com\/sales-school-academy\/partenaires\/\"]}]},{\"@type\":\"BreadcrumbList\",\"@id\":\"https:\/\/doc.oodrive.com\/sales-school-academy\/partenaires\/#breadcrumb\",\"itemListElement\":[{\"@type\":\"ListItem\",\"position\":1,\"name\":\"Home\",\"item\":\"https:\/\/doc.oodrive.com\/sales-school-academy\/\"},{\"@type\":\"ListItem\",\"position\":2,\"name\":\"La Sales School Academy pour les Revendeurs \u00e0 valeur ajout\u00e9e\"}]},{\"@type\":\"WebSite\",\"@id\":\"https:\/\/doc.oodrive.com\/sales-school-academy\/#website\",\"url\":\"https:\/\/doc.oodrive.com\/sales-school-academy\/\",\"name\":\"Sales School Sign\",\"description\":\"Just another Doc oodrive site\",\"publisher\":{\"@id\":\"https:\/\/doc.oodrive.com\/sales-school-academy\/#organization\"},\"potentialAction\":[{\"@type\":\"SearchAction\",\"target\":{\"@type\":\"EntryPoint\",\"urlTemplate\":\"https:\/\/doc.oodrive.com\/sales-school-academy\/?s={search_term_string}\"},\"query-input\":{\"@type\":\"PropertyValueSpecification\",\"valueRequired\":true,\"valueName\":\"search_term_string\"}}],\"inLanguage\":\"fr-FR\"},{\"@type\":\"Organization\",\"@id\":\"https:\/\/doc.oodrive.com\/sales-school-academy\/#organization\",\"name\":\"Sales School Sign\",\"url\":\"https:\/\/doc.oodrive.com\/sales-school-academy\/\",\"logo\":{\"@type\":\"ImageObject\",\"inLanguage\":\"fr-FR\",\"@id\":\"https:\/\/doc.oodrive.com\/sales-school-academy\/#\/schema\/logo\/image\/\",\"url\":\"https:\/\/doc.oodrive.com\/sales-school-academy\/wp-content\/uploads\/sites\/2\/2022\/06\/logo-oodrive.svg\",\"contentUrl\":\"https:\/\/doc.oodrive.com\/sales-school-academy\/wp-content\/uploads\/sites\/2\/2022\/06\/logo-oodrive.svg\",\"width\":132,\"height\":27,\"caption\":\"Sales School Sign\"},\"image\":{\"@id\":\"https:\/\/doc.oodrive.com\/sales-school-academy\/#\/schema\/logo\/image\/\"}}]}<\/script>\n<!-- \/ Yoast SEO plugin. -->","yoast_head_json":{"title":"La Sales School Academy pour les Revendeurs \u00e0 valeur ajout\u00e9e - Sales School Sign","robots":{"index":"noindex","follow":"follow","max-snippet":"max-snippet:-1","max-image-preview":"max-image-preview:large","max-video-preview":"max-video-preview:-1"},"og_locale":"fr_FR","og_type":"article","og_title":"La Sales School Academy pour les Revendeurs \u00e0 valeur ajout\u00e9e - Sales School Sign","og_description":"Veuillez vous connecter \u00e0 l\u2019aide des identifiants qui vous ont \u00e9t\u00e9 transmis par votre responsable de compte.                                                        Identifiant                                                                                        Mot de passe                                                                                                                                                                  Se souvenir de moi                    Mot de passe oubli\u00e9 ?                                                                                                                  Mot de passe oubli\u00e9                                                                                                                                                     Annuler","og_url":"https:\/\/doc.oodrive.com\/sales-school-academy\/partenaires\/","og_site_name":"Sales School Sign","article_modified_time":"2025-07-15T07:34:43+00:00","twitter_card":"summary_large_image","twitter_misc":{"Dur\u00e9e de lecture estim\u00e9e":"1 minute"},"schema":{"@context":"https:\/\/schema.org","@graph":[{"@type":"WebPage","@id":"https:\/\/doc.oodrive.com\/sales-school-academy\/partenaires\/","url":"https:\/\/doc.oodrive.com\/sales-school-academy\/partenaires\/","name":"La Sales School Academy pour les Revendeurs \u00e0 valeur ajout\u00e9e - Sales School Sign","isPartOf":{"@id":"https:\/\/doc.oodrive.com\/sales-school-academy\/#website"},"datePublished":"2022-06-02T14:47:39+00:00","dateModified":"2025-07-15T07:34:43+00:00","breadcrumb":{"@id":"https:\/\/doc.oodrive.com\/sales-school-academy\/partenaires\/#breadcrumb"},"inLanguage":"fr-FR","potentialAction":[{"@type":"ReadAction","target":["https:\/\/doc.oodrive.com\/sales-school-academy\/partenaires\/"]}]},{"@type":"BreadcrumbList","@id":"https:\/\/doc.oodrive.com\/sales-school-academy\/partenaires\/#breadcrumb","itemListElement":[{"@type":"ListItem","position":1,"name":"Home","item":"https:\/\/doc.oodrive.com\/sales-school-academy\/"},{"@type":"ListItem","position":2,"name":"La Sales School Academy pour les Revendeurs \u00e0 valeur ajout\u00e9e"}]},{"@type":"WebSite","@id":"https:\/\/doc.oodrive.com\/sales-school-academy\/#website","url":"https:\/\/doc.oodrive.com\/sales-school-academy\/","name":"Sales School Sign","description":"Just another Doc oodrive site","publisher":{"@id":"https:\/\/doc.oodrive.com\/sales-school-academy\/#organization"},"potentialAction":[{"@type":"SearchAction","target":{"@type":"EntryPoint","urlTemplate":"https:\/\/doc.oodrive.com\/sales-school-academy\/?s={search_term_string}"},"query-input":{"@type":"PropertyValueSpecification","valueRequired":true,"valueName":"search_term_string"}}],"inLanguage":"fr-FR"},{"@type":"Organization","@id":"https:\/\/doc.oodrive.com\/sales-school-academy\/#organization","name":"Sales School Sign","url":"https:\/\/doc.oodrive.com\/sales-school-academy\/","logo":{"@type":"ImageObject","inLanguage":"fr-FR","@id":"https:\/\/doc.oodrive.com\/sales-school-academy\/#\/schema\/logo\/image\/","url":"https:\/\/doc.oodrive.com\/sales-school-academy\/wp-content\/uploads\/sites\/2\/2022\/06\/logo-oodrive.svg","contentUrl":"https:\/\/doc.oodrive.com\/sales-school-academy\/wp-content\/uploads\/sites\/2\/2022\/06\/logo-oodrive.svg","width":132,"height":27,"caption":"Sales School Sign"},"image":{"@id":"https:\/\/doc.oodrive.com\/sales-school-academy\/#\/schema\/logo\/image\/"}}]}},"_links":{"self":[{"href":"https:\/\/doc.oodrive.com\/sales-school-academy\/wp-json\/wp\/v2\/pages\/80","targetHints":{"allow":["GET"]}}],"collection":[{"href":"https:\/\/doc.oodrive.com\/sales-school-academy\/wp-json\/wp\/v2\/pages"}],"about":[{"href":"https:\/\/doc.oodrive.com\/sales-school-academy\/wp-json\/wp\/v2\/types\/page"}],"author":[{"embeddable":true,"href":"https:\/\/doc.oodrive.com\/sales-school-academy\/wp-json\/wp\/v2\/users\/1"}],"replies":[{"embeddable":true,"href":"https:\/\/doc.oodrive.com\/sales-school-academy\/wp-json\/wp\/v2\/comments?post=80"}],"version-history":[{"count":5,"href":"https:\/\/doc.oodrive.com\/sales-school-academy\/wp-json\/wp\/v2\/pages\/80\/revisions"}],"predecessor-version":[{"id":186,"href":"https:\/\/doc.oodrive.com\/sales-school-academy\/wp-json\/wp\/v2\/pages\/80\/revisions\/186"}],"wp:attachment":[{"href":"https:\/\/doc.oodrive.com\/sales-school-academy\/wp-json\/wp\/v2\/media?parent=80"}],"curies":[{"name":"wp","href":"https:\/\/api.w.org\/{rel}","templated":true}]}}